{"id":16,"date":"2016-11-21T19:46:42","date_gmt":"2016-11-21T19:46:42","guid":{"rendered":"http:\/\/www.jlsvhermosillo.mx\/jlsvh\/?page_id=16"},"modified":"2025-08-27T19:42:15","modified_gmt":"2025-08-27T19:42:15","slug":"gestiondecalidad","status":"publish","type":"page","link":"https:\/\/www.jlsvhermosillo.mx\/jlsvh\/gestiondecalidad\/","title":{"rendered":"Gesti\u00f3n de Calidad"},"content":{"rendered":"<p>[et_pb_section transparent_background=&#8221;off&#8221; allow_player_pause=&#8221;off&#8221; inner_shadow=&#8221;off&#8221; parallax=&#8221;off&#8221; parallax_method=&#8221;on&#8221; padding_mobile=&#8221;off&#8221; make_fullwidth=&#8221;off&#8221; use_custom_width=&#8221;off&#8221; width_unit=&#8221;off&#8221; custom_width_px=&#8221;1080px&#8221; custom_width_percent=&#8221;80%&#8221; make_equal=&#8221;off&#8221; use_custom_gutter=&#8221;off&#8221; fullwidth=&#8221;on&#8221; specialty=&#8221;off&#8221; admin_label=&#8221;section&#8221; disabled=&#8221;off&#8221;][et_pb_fullwidth_slider show_arrows=&#8221;on&#8221; show_pagination=&#8221;on&#8221; auto=&#8221;on&#8221; auto_speed=&#8221;7000&#8243; auto_ignore_hover=&#8221;off&#8221; parallax=&#8221;on&#8221; parallax_method=&#8221;off&#8221; remove_inner_shadow=&#8221;off&#8221; background_position=&#8221;default&#8221; background_size=&#8221;default&#8221; hide_content_on_mobile=&#8221;off&#8221; hide_cta_on_mobile=&#8221;off&#8221; show_image_video_mobile=&#8221;off&#8221; admin_label=&#8221;Fullwidth Slider&#8221; body_font_size=&#8221;50&#8243; custom_button=&#8221;off&#8221; button_text_size=&#8221;20&#8243; button_letter_spacing=&#8221;0&#8243; button_use_icon=&#8221;default&#8221; button_icon_placement=&#8221;right&#8221; button_on_hover=&#8221;on&#8221; button_letter_spacing_hover=&#8221;0&#8243; disabled=&#8221;off&#8221;][et_pb_slide heading=&#8221;Pol\u00edtica de Calidad&#8221; button_link=&#8221;#&#8221; background_image=&#8221;https:\/\/www.jlsvhermosillo.mx\/jlsvh\/wp-content\/uploads\/checklist.png&#8221; background_position=&#8221;default&#8221; background_size=&#8221;default&#8221; background_color=&#8221;#558e2c&#8221; use_bg_overlay=&#8221;off&#8221; use_text_overlay=&#8221;on&#8221; alignment=&#8221;center&#8221; background_layout=&#8221;dark&#8221; allow_player_pause=&#8221;off&#8221; text_border_radius=&#8221;3&#8243; header_font=&#8221;||||&#8221; body_font=&#8221;||||&#8221; custom_button=&#8221;off&#8221; button_font=&#8221;||||&#8221; button_use_icon=&#8221;default&#8221; button_icon_placement=&#8221;right&#8221; button_on_hover=&#8221;on&#8221; disabled=&#8221;off&#8221; inline_fonts=&#8221;Arimo&#8221;]<\/p>\n<h3 style=\"text-align: center;\"><\/h3>\n<h3 style=\"text-align: center;\"><span style=\"font-family: Arimo; font-weight: normal;\">\u201cLa Junta Local de Sanidad Vegetal de Hermosillo, est\u00e1 comprometida a promover y ejecutar la sanidad vegetal en nuestra regi\u00f3n, a trav\u00e9s de la operaci\u00f3n de las campa\u00f1as fitosanitarias, contribuyendo con la producci\u00f3n de cultivos agr\u00edcolas sanos, inocuos y de buena calidad, cumpliendo con los requisitos de nuestras partes interesadas y proporcionando servicios enfocados a la mejora continua, para mantener y fortalecer el estatus fitosanitario\u201d.<\/span><\/h3>\n<p>[\/et_pb_slide][et_pb_slide heading=&#8221;Misi\u00f3n&#8221; button_link=&#8221;#&#8221; background_image=&#8221;https:\/\/www.jlsvhermosillo.mx\/jlsvh\/wp-content\/uploads\/2024\/04\/desenfoque-verde-oscuro.webp&#8221; background_position=&#8221;center&#8221; background_size=&#8221;cover&#8221; background_color=&#8221;#ffffff&#8221; use_bg_overlay=&#8221;off&#8221; bg_overlay_color=&#8221;rgba(255,255,255,0)&#8221; use_text_overlay=&#8221;off&#8221; alignment=&#8221;center&#8221; background_layout=&#8221;dark&#8221; allow_player_pause=&#8221;off&#8221; text_border_radius=&#8221;3&#8243; header_font=&#8221;||||&#8221; body_font=&#8221;||||&#8221; custom_button=&#8221;off&#8221; button_font=&#8221;||||&#8221; button_use_icon=&#8221;default&#8221; button_icon_placement=&#8221;right&#8221; button_on_hover=&#8221;on&#8221; disabled=&#8221;off&#8221; inline_fonts=&#8221;Abel&#8221;]<\/p>\n<h3 style=\"text-align: center;\"><\/h3>\n<h2><span style=\"font-weight: normal;\"><span style=\"font-size: x-large;\">\u201cImplementar mecanismos y estrategias para detectar y prevenir plagas y enfermedades, en beneficio de los productores agr\u00edcolas y con esto fortalecer el estatus fitosanitario de nuestra regi\u00f3n\u201d.<\/span><\/span><\/h2>\n<p>[\/et_pb_slide][et_pb_slide heading=&#8221;Visi\u00f3n&#8221; button_link=&#8221;#&#8221; background_image=&#8221;https:\/\/www.jlsvhermosillo.mx\/jlsvh\/wp-content\/uploads\/2024\/04\/desenfoque-verde-oscuro.webp&#8221; background_position=&#8221;default&#8221; background_size=&#8221;default&#8221; background_color=&#8221;#ffffff&#8221; use_bg_overlay=&#8221;off&#8221; bg_overlay_color=&#8221;rgba(13,80,119,0.55)&#8221; use_text_overlay=&#8221;off&#8221; alignment=&#8221;center&#8221; background_layout=&#8221;dark&#8221; allow_player_pause=&#8221;off&#8221; text_border_radius=&#8221;3&#8243; header_font=&#8221;||||&#8221; body_font=&#8221;||||&#8221; custom_button=&#8221;off&#8221; button_font=&#8221;||||&#8221; button_use_icon=&#8221;default&#8221; button_icon_placement=&#8221;right&#8221; button_on_hover=&#8221;on&#8221; disabled=&#8221;off&#8221;]<\/p>\n<h3 style=\"text-align: center;\"><\/h3>\n<h2>&#8221; Posicionar a nuestro organismo con los mejores niveles de confiabilidad y eficiencia, implementando estrategias que permitan conservar el status de zona libre de moscas de la fruta y disminuir las plagas y enfermedades del campo, que permitan a los productores agr\u00edcolas de la regi\u00f3n competir en los mercados nacionales e internacionales&#8221;.\u00a0<\/h2>\n<p>[\/et_pb_slide][et_pb_slide heading=&#8221;Objetivos&#8221; button_link=&#8221;#&#8221; background_image=&#8221;https:\/\/www.jlsvhermosillo.mx\/jlsvh\/wp-content\/uploads\/2024\/04\/desenfoque-verde-oscuro.webp&#8221; background_position=&#8221;default&#8221; background_size=&#8221;default&#8221; background_color=&#8221;#ffffff&#8221; use_bg_overlay=&#8221;off&#8221; bg_overlay_color=&#8221;rgba(13,80,119,0.55)&#8221; use_text_overlay=&#8221;off&#8221; alignment=&#8221;center&#8221; background_layout=&#8221;dark&#8221; allow_player_pause=&#8221;off&#8221; text_border_radius=&#8221;3&#8243; header_font=&#8221;||||&#8221; body_font=&#8221;||||&#8221; custom_button=&#8221;off&#8221; button_font=&#8221;||||&#8221; button_use_icon=&#8221;default&#8221; button_icon_placement=&#8221;right&#8221; button_on_hover=&#8221;on&#8221; disabled=&#8221;off&#8221;]<\/p>\n<ul>\n<li>\n<h3>Mantener la satisfacci\u00f3n de nuestros clientes, no rebasando un margen de error del 7% (anual) de los documentos expedidos.<\/h3>\n<\/li>\n<li>\n<h3>Detectar oportunamente la presencia de plagas y\/o enfermedades que afectan los cultivos de la Regi\u00f3n e informar a los productores para que se establezcan medidas de control.<\/h3>\n<\/li>\n<li>\n<h3>Que la producci\u00f3n del organismos ben\u00e9fico de la especie Chrysoperla sp, cumpla con los est\u00e1ndares de calidad del 75% de emergencia.<\/h3>\n<\/li>\n<li>\n<h3>Que la producci\u00f3n de Triharson para el control biol\u00f3gico de enfermedades agr\u00edcolas, cumpla con los est\u00e1ndares de calidad de concentraci\u00f3n m\u00ednima de 90% de esporas por bolsa.<\/h3>\n<\/li>\n<\/ul>\n<p>[\/et_pb_slide][\/et_pb_fullwidth_slider][\/et_pb_section][et_pb_section transparent_background=&#8221;off&#8221; allow_player_pause=&#8221;off&#8221; inner_shadow=&#8221;off&#8221; parallax=&#8221;off&#8221; parallax_method=&#8221;on&#8221; custom_padding=&#8221;41px|0px|54px|0px&#8221; padding_mobile=&#8221;off&#8221; make_fullwidth=&#8221;off&#8221; use_custom_width=&#8221;off&#8221; width_unit=&#8221;off&#8221; custom_width_px=&#8221;1080px&#8221; custom_width_percent=&#8221;80%&#8221; make_equal=&#8221;off&#8221; use_custom_gutter=&#8221;off&#8221; fullwidth=&#8221;off&#8221; specialty=&#8221;off&#8221; admin_label=&#8221;Section&#8221; disabled=&#8221;off&#8221;][et_pb_row make_fullwidth=&#8221;off&#8221; use_custom_width=&#8221;off&#8221; width_unit=&#8221;off&#8221; custom_width_px=&#8221;1080px&#8221; custom_width_percent=&#8221;80%&#8221; use_custom_gutter=&#8221;off&#8221; gutter_width=&#8221;2&#8243; custom_padding=&#8221;0px|0px|27px|0px&#8221; padding_mobile=&#8221;off&#8221; allow_player_pause=&#8221;off&#8221; parallax=&#8221;off&#8221; parallax_method=&#8221;on&#8221; make_equal=&#8221;off&#8221; column_padding_mobile=&#8221;on&#8221; parallax_1=&#8221;off&#8221; parallax_method_1=&#8221;on&#8221; parallax_2=&#8221;off&#8221; parallax_method_2=&#8221;on&#8221; parallax_3=&#8221;off&#8221; parallax_method_3=&#8221;on&#8221; parallax_4=&#8221;off&#8221; parallax_method_4=&#8221;on&#8221; admin_label=&#8221;Row&#8221; disabled=&#8221;off&#8221;][et_pb_column type=&#8221;4_4&#8243; disabled=&#8221;off&#8221; parallax=&#8221;off&#8221; parallax_method=&#8221;on&#8221; column_padding_mobile=&#8221;on&#8221;][et_pb_image src=&#8221;http:\/\/www.jlsvhermosillo.mx\/jlsvh\/wp-content\/uploads\/Certificacion-ISO-90012022.png&#8221; show_in_lightbox=&#8221;off&#8221; url_new_window=&#8221;off&#8221; use_overlay=&#8221;off&#8221; sticky=&#8221;on&#8221; align=&#8221;center&#8221; force_fullwidth=&#8221;on&#8221; always_center_on_mobile=&#8221;on&#8221; admin_label=&#8221;Image&#8221; use_border_color=&#8221;on&#8221; border_color=&#8221;#ffffff&#8221; border_width=&#8221;1px&#8221; border_style=&#8221;solid&#8221; disabled=&#8221;off&#8221;]<\/p>\n<p>[\/et_pb_image][et_pb_image src=&#8221;http:\/\/www.jlsvhermosillo.mx\/jlsvh\/wp-content\/uploads\/logoGLC150.jpg&#8221; show_in_lightbox=&#8221;on&#8221; url_new_window=&#8221;off&#8221; use_overlay=&#8221;off&#8221; animation=&#8221;top&#8221; sticky=&#8221;off&#8221; align=&#8221;center&#8221; force_fullwidth=&#8221;off&#8221; always_center_on_mobile=&#8221;on&#8221; admin_label=&#8221;Image&#8221; use_border_color=&#8221;off&#8221; border_color=&#8221;#ffffff&#8221; border_width=&#8221;1px&#8221; border_style=&#8221;solid&#8221; custom_margin=&#8221;10px||10px|&#8221; disabled=&#8221;off&#8221;]<\/p>\n<p>[\/et_pb_image][et_pb_divider color=&#8221;#ffffff&#8221; divider_style=&#8221;solid&#8221; divider_position=&#8221;top&#8221; divider_weight=&#8221;1px&#8221; hide_on_mobile=&#8221;on&#8221; disabled=&#8221;off&#8221;][\/et_pb_divider][et_pb_divider color=&#8221;#ffffff&#8221; divider_style=&#8221;solid&#8221; divider_position=&#8221;top&#8221; divider_weight=&#8221;1px&#8221; hide_on_mobile=&#8221;on&#8221; disabled=&#8221;off&#8221;][\/et_pb_divider][et_pb_image src=&#8221;https:\/\/www.jlsvhermosillo.mx\/jlsvh\/wp-content\/uploads\/2025\/08\/Certificacion-ISO-9001-2015.jpg&#8221; alt=&#8221;Certificaci\u00f3n ISO 9001:2015 &#8221; title_text=&#8221;Certificaci\u00f3n ISO 9001:2015 &#8221; show_in_lightbox=&#8221;off&#8221; url_new_window=&#8221;off&#8221; use_overlay=&#8221;off&#8221; animation=&#8221;top&#8221; sticky=&#8221;on&#8221; align=&#8221;center&#8221; force_fullwidth=&#8221;off&#8221; always_center_on_mobile=&#8221;on&#8221; admin_label=&#8221;Image&#8221; use_border_color=&#8221;off&#8221; border_color=&#8221;#ffffff&#8221; border_width=&#8221;1px&#8221; border_style=&#8221;solid&#8221; custom_margin=&#8221;50px|||&#8221; disabled=&#8221;off&#8221;]<\/p>\n<p>[\/et_pb_image][et_pb_image src=&#8221;http:\/\/www.jlsvhermosillo.mx\/jlsvh\/wp-content\/uploads\/Certificacion-ISO-9001.png&#8221; show_in_lightbox=&#8221;off&#8221; url_new_window=&#8221;off&#8221; use_overlay=&#8221;off&#8221; sticky=&#8221;off&#8221; align=&#8221;left&#8221; force_fullwidth=&#8221;off&#8221; always_center_on_mobile=&#8221;on&#8221; admin_label=&#8221;Image&#8221; use_border_color=&#8221;off&#8221; border_color=&#8221;#ffffff&#8221; border_width=&#8221;1px&#8221; border_style=&#8221;solid&#8221; disabled=&#8221;off&#8221;]<\/p>\n<p>[\/et_pb_image][\/et_pb_column][\/et_pb_row][\/et_pb_section]<\/p>\n","protected":false},"excerpt":{"rendered":"<p>Certificaci\u00f3n ISO 9001:2015 <\/p>\n<p>Actualmente contamos con la certificaci\u00f3n ISO 9001:2015, otorgada por el organismo de certificaci\u00f3n GCL International LTD, acreditado por el Servicio de Acreditaci\u00f3n del Reino Unido (UKAS).<\/p>\n","protected":false},"author":1,"featured_media":0,"parent":0,"menu_order":0,"comment_status":"closed","ping_status":"closed","template":"","meta":{"footnotes":""},"class_list":["post-16","page","type-page","status-publish","hentry"],"_links":{"self":[{"href":"https:\/\/www.jlsvhermosillo.mx\/jlsvh\/wp-json\/wp\/v2\/pages\/16","targetHints":{"allow":["GET"]}}],"collection":[{"href":"https:\/\/www.jlsvhermosillo.mx\/jlsvh\/wp-json\/wp\/v2\/pages"}],"about":[{"href":"https:\/\/www.jlsvhermosillo.mx\/jlsvh\/wp-json\/wp\/v2\/types\/page"}],"author":[{"embeddable":true,"href":"https:\/\/www.jlsvhermosillo.mx\/jlsvh\/wp-json\/wp\/v2\/users\/1"}],"replies":[{"embeddable":true,"href":"https:\/\/www.jlsvhermosillo.mx\/jlsvh\/wp-json\/wp\/v2\/comments?post=16"}],"version-history":[{"count":49,"href":"https:\/\/www.jlsvhermosillo.mx\/jlsvh\/wp-json\/wp\/v2\/pages\/16\/revisions"}],"predecessor-version":[{"id":2296,"href":"https:\/\/www.jlsvhermosillo.mx\/jlsvh\/wp-json\/wp\/v2\/pages\/16\/revisions\/2296"}],"wp:attachment":[{"href":"https:\/\/www.jlsvhermosillo.mx\/jlsvh\/wp-json\/wp\/v2\/media?parent=16"}],"curies":[{"name":"wp","href":"https:\/\/api.w.org\/{rel}","templated":true}]}}