{"id":672,"date":"2016-12-06T01:10:15","date_gmt":"2016-12-06T01:10:15","guid":{"rendered":"http:\/\/www.jlsvhermosillo.mx\/jlsvh\/?page_id=672"},"modified":"2024-04-10T15:25:15","modified_gmt":"2024-04-10T15:25:15","slug":"control-biologico","status":"publish","type":"page","link":"https:\/\/www.jlsvhermosillo.mx\/jlsvh\/control-biologico\/","title":{"rendered":"Control Biol\u00f3gico"},"content":{"rendered":"<p>[et_pb_section transparent_background=&#8221;off&#8221; allow_player_pause=&#8221;off&#8221; inner_shadow=&#8221;off&#8221; parallax=&#8221;off&#8221; parallax_method=&#8221;off&#8221; padding_mobile=&#8221;off&#8221; make_fullwidth=&#8221;off&#8221; use_custom_width=&#8221;off&#8221; width_unit=&#8221;on&#8221; custom_width_px=&#8221;1080px&#8221; custom_width_percent=&#8221;80%&#8221; make_equal=&#8221;off&#8221; use_custom_gutter=&#8221;off&#8221; fullwidth=&#8221;off&#8221; specialty=&#8221;off&#8221; admin_label=&#8221;Section&#8221; disabled=&#8221;off&#8221;][et_pb_row make_fullwidth=&#8221;off&#8221; use_custom_width=&#8221;off&#8221; width_unit=&#8221;off&#8221; custom_width_px=&#8221;1080px&#8221; custom_width_percent=&#8221;80%&#8221; use_custom_gutter=&#8221;on&#8221; gutter_width=&#8221;3&#8243; padding_mobile=&#8221;on&#8221; allow_player_pause=&#8221;off&#8221; parallax=&#8221;off&#8221; parallax_method=&#8221;on&#8221; make_equal=&#8221;off&#8221; column_padding_mobile=&#8221;on&#8221; parallax_1=&#8221;off&#8221; parallax_method_1=&#8221;on&#8221; parallax_2=&#8221;off&#8221; parallax_method_2=&#8221;on&#8221; parallax_3=&#8221;off&#8221; parallax_method_3=&#8221;on&#8221; parallax_4=&#8221;off&#8221; parallax_method_4=&#8221;on&#8221; admin_label=&#8221;Row&#8221; disabled=&#8221;off&#8221;][et_pb_column type=&#8221;4_4&#8243; disabled=&#8221;off&#8221; parallax=&#8221;off&#8221; parallax_method=&#8221;on&#8221; column_padding_mobile=&#8221;on&#8221;][et_pb_text background_layout=&#8221;light&#8221; text_orientation=&#8221;justified&#8221; admin_label=&#8221;Text&#8221; use_border_color=&#8221;off&#8221; border_style=&#8221;solid&#8221; disabled=&#8221;off&#8221;]<\/p>\n<div class=\"fruitful_description_box\">\n<div id=\"desc-box-70\" class=\"fruitful_description shadow-type-1 \">\n<p>&nbsp;<\/p>\n<div class=\"text\" style=\"font-size: 40px; text-transform: uppercase; text-align: center; font-weight: 300; line-height: 1.2;\">\n<h2>TRICHOGRAMA<\/h2>\n<\/div>\n<p>&nbsp;<\/p>\n<\/div>\n<\/div>\n<div class=\"clearfix\"><\/div>\n<div class=\"et_pb_text et_pb_module et_pb_bg_layout_light et_pb_text_align_center et_pb_text_0\">\n<p style=\"text-align: justify;\">El control biol\u00f3gico en M\u00e9xico inicio con la reproducci\u00f3n de Trichograma spp. en laboratorios de nuestro pa\u00eds en 1962 siendo actualmente el insecto ben\u00e9fico mejor recomendado y usado a nivel mundial, estim\u00e1ndose una producci\u00f3n anual para 40 millones de hect\u00e1reas en 30 pa\u00edses.<\/p>\n<\/div>\n<p>[\/et_pb_text][et_pb_divider color=&#8221;#ffffff&#8221; height=&#8221;5&#8243; divider_style=&#8221;solid&#8221; divider_position=&#8221;top&#8221; divider_weight=&#8221;1px&#8221; hide_on_mobile=&#8221;on&#8221; admin_label=&#8221;Divider&#8221; disabled=&#8221;off&#8221;] [\/et_pb_divider][\/et_pb_column][\/et_pb_row][et_pb_row make_fullwidth=&#8221;on&#8221; use_custom_width=&#8221;off&#8221; width_unit=&#8221;off&#8221; custom_width_px=&#8221;1080px&#8221; custom_width_percent=&#8221;80%&#8221; use_custom_gutter=&#8221;off&#8221; gutter_width=&#8221;3&#8243; padding_mobile=&#8221;off&#8221; allow_player_pause=&#8221;off&#8221; parallax=&#8221;off&#8221; parallax_method=&#8221;on&#8221; make_equal=&#8221;off&#8221; column_padding_mobile=&#8221;on&#8221; parallax_1=&#8221;off&#8221; parallax_method_1=&#8221;on&#8221; parallax_2=&#8221;off&#8221; parallax_method_2=&#8221;on&#8221; parallax_3=&#8221;off&#8221; parallax_method_3=&#8221;on&#8221; parallax_4=&#8221;off&#8221; parallax_method_4=&#8221;on&#8221; admin_label=&#8221;Row&#8221; disabled=&#8221;off&#8221;][et_pb_column type=&#8221;2_3&#8243; disabled=&#8221;off&#8221; parallax=&#8221;off&#8221; parallax_method=&#8221;on&#8221; column_padding_mobile=&#8221;on&#8221;][et_pb_text background_layout=&#8221;light&#8221; text_orientation=&#8221;left&#8221; admin_label=&#8221;Text&#8221; use_border_color=&#8221;off&#8221; border_style=&#8221;solid&#8221; disabled=&#8221;off&#8221;]<\/p>\n<div class=\"et_pb_blurb et_pb_module et_pb_bg_layout_light et_pb_text_align_center et_pb_blurb_0 et_pb_blurb_position_left\">\n<div class=\"et_pb_blurb_content\">\n<div class=\"et_pb_main_blurb_image\"><span class=\"et-pb-icon et-waypoint et_pb_animation_top et-pb-icon-circle et-animated\">N<\/span><\/div>\n<div class=\"et_pb_blurb_container\">\n<p>Insecto ben\u00e9fico que controla huevecillos de lepid\u00f3ptero<\/p>\n<\/div>\n<\/div>\n<\/div>\n<div class=\"et_pb_blurb et_pb_module et_pb_bg_layout_light et_pb_text_align_center et_pb_blurb_1 et_pb_blurb_position_left\">\n<div class=\"et_pb_blurb_content\">\n<div class=\"et_pb_main_blurb_image\"><span class=\"et-pb-icon et-waypoint et_pb_animation_top et-pb-icon-circle et-animated\">N<\/span><\/div>\n<div class=\"et_pb_blurb_container\">\n<p>su liberaci\u00f3n se realiza bajo condiciones de temperatura frescas, evitando d\u00edas lluviosos y vientos fuertes<\/p>\n<\/div>\n<\/div>\n<\/div>\n<div class=\"et_pb_blurb et_pb_module et_pb_bg_layout_light et_pb_text_align_center et_pb_blurb_2 et_pb_blurb_position_left\">\n<div class=\"et_pb_blurb_content\">\n<div class=\"et_pb_main_blurb_image\"><span class=\"et-pb-icon et-waypoint et_pb_animation_top et-pb-icon-circle et-animated\">N<\/span><\/div>\n<div class=\"et_pb_blurb_container\">\n<p>Se debe omitir aplicaciones de qu\u00edmicos 5 d\u00edas antes de su liberaci\u00f3n.<\/p>\n<\/div>\n<\/div>\n<\/div>\n<div class=\"et_pb_blurb et_pb_module et_pb_bg_layout_light et_pb_text_align_center et_pb_blurb_3 et_pb_blurb_position_left\">\n<div class=\"et_pb_blurb_content\">\n<div class=\"et_pb_main_blurb_image\"><span class=\"et-pb-icon et-waypoint et_pb_animation_top et-pb-icon-circle et-animated\">N<\/span><\/div>\n<div class=\"et_pb_blurb_container\">\n<p>La dosis de liberaci\u00f3n (5-20pulgadas\/hect\u00e1rea) depender\u00e1 de la intensidad de la plaga y el tipo de cultivo.<\/p>\n<\/div>\n<\/div>\n<\/div>\n<div class=\"et_pb_blurb et_pb_module et_pb_bg_layout_light et_pb_text_align_center et_pb_blurb_4 et_pb_blurb_position_left\">\n<div class=\"et_pb_blurb_content\">\n<div class=\"et_pb_main_blurb_image\"><span class=\"et-pb-icon et-waypoint et_pb_animation_top et-pb-icon-circle et-animated\">N<\/span><\/div>\n<div class=\"et_pb_blurb_container\">\n<p>Se debe dise\u00f1ar un programa de liberaciones con su laboratorio para asegurar la disponibilidad en las fechas requeridas, desde mediados de febrero hasta principios de noviembre.<\/p>\n<\/div>\n<\/div>\n<\/div>\n<p>[\/et_pb_text][\/et_pb_column][et_pb_column type=&#8221;1_3&#8243; disabled=&#8221;off&#8221; parallax=&#8221;off&#8221; parallax_method=&#8221;on&#8221; column_padding_mobile=&#8221;on&#8221;][et_pb_divider color=&#8221;#ffffff&#8221; height=&#8221;5&#8243; divider_style=&#8221;solid&#8221; divider_position=&#8221;top&#8221; divider_weight=&#8221;1px&#8221; hide_on_mobile=&#8221;on&#8221; admin_label=&#8221;Divider&#8221; disabled=&#8221;off&#8221;] [\/et_pb_divider][et_pb_image src=&#8221;http:\/\/www.jlsvhermosillo.mx\/jlsvh\/wp-content\/uploads\/2016\/11\/trichogramma2-1-e1480718810876.png&#8221; show_in_lightbox=&#8221;off&#8221; url_new_window=&#8221;off&#8221; use_overlay=&#8221;off&#8221; sticky=&#8221;off&#8221; align=&#8221;right&#8221; force_fullwidth=&#8221;off&#8221; always_center_on_mobile=&#8221;on&#8221; admin_label=&#8221;Image&#8221; use_border_color=&#8221;off&#8221; border_color=&#8221;#ffffff&#8221; border_width=&#8221;1px&#8221; border_style=&#8221;solid&#8221; disabled=&#8221;off&#8221;] [\/et_pb_image][et_pb_divider color=&#8221;#ffffff&#8221; height=&#8221;5&#8243; divider_style=&#8221;solid&#8221; divider_position=&#8221;top&#8221; divider_weight=&#8221;1px&#8221; hide_on_mobile=&#8221;on&#8221; admin_label=&#8221;Divider&#8221; disabled=&#8221;off&#8221;] [\/et_pb_divider][et_pb_image src=&#8221;https:\/\/www.jlsvhermosillo.mx\/jlsvh\/wp-content\/uploads\/2024\/04\/trichogramma.jpg&#8221; show_in_lightbox=&#8221;off&#8221; url_new_window=&#8221;off&#8221; use_overlay=&#8221;off&#8221; sticky=&#8221;off&#8221; align=&#8221;right&#8221; force_fullwidth=&#8221;off&#8221; always_center_on_mobile=&#8221;on&#8221; admin_label=&#8221;Image&#8221; use_border_color=&#8221;off&#8221; border_color=&#8221;#ffffff&#8221; border_width=&#8221;1px&#8221; border_style=&#8221;solid&#8221; disabled=&#8221;off&#8221;] [\/et_pb_image][et_pb_text background_layout=&#8221;light&#8221; text_orientation=&#8221;right&#8221; admin_label=&#8221;Text&#8221; use_border_color=&#8221;off&#8221; border_style=&#8221;solid&#8221; disabled=&#8221;off&#8221;]<\/p>\n<h2><\/h2>\n<h2><strong>TRICHOGRAMA<\/strong><\/h2>\n<h2><span style=\"color: #800000;\">Precio $3.0\/Pulgada cuadrada.<\/span><\/h2>\n<p>[\/et_pb_text][\/et_pb_column][\/et_pb_row][et_pb_row make_fullwidth=&#8221;off&#8221; use_custom_width=&#8221;off&#8221; width_unit=&#8221;off&#8221; custom_width_px=&#8221;1080px&#8221; custom_width_percent=&#8221;80%&#8221; use_custom_gutter=&#8221;off&#8221; gutter_width=&#8221;3&#8243; padding_mobile=&#8221;off&#8221; allow_player_pause=&#8221;off&#8221; parallax=&#8221;off&#8221; parallax_method=&#8221;on&#8221; make_equal=&#8221;off&#8221; column_padding_mobile=&#8221;on&#8221; parallax_1=&#8221;off&#8221; parallax_method_1=&#8221;on&#8221; parallax_2=&#8221;off&#8221; parallax_method_2=&#8221;on&#8221; parallax_3=&#8221;off&#8221; parallax_method_3=&#8221;on&#8221; parallax_4=&#8221;off&#8221; parallax_method_4=&#8221;on&#8221; admin_label=&#8221;Row&#8221; disabled=&#8221;off&#8221;][et_pb_column type=&#8221;4_4&#8243; disabled=&#8221;off&#8221; parallax=&#8221;off&#8221; parallax_method=&#8221;on&#8221; column_padding_mobile=&#8221;on&#8221;][et_pb_text background_layout=&#8221;light&#8221; text_orientation=&#8221;justified&#8221; admin_label=&#8221;Text&#8221; use_border_color=&#8221;off&#8221; border_style=&#8221;solid&#8221; disabled=&#8221;off&#8221;]<div class=\"fruitful_description_box\"><div class=\"fruitful_description shadow-type-1 \" id=\"desc-box-11\"><span class=\"top_line\"><\/span><div class=\"text\" style=\" font-size: 40px; text-transform : uppercase; text-align: center; font-weight: 300; line-height: 1.2;\"><\/p>\n<h2>CRYSOPA <\/div><span class=\"bottom_line\"><\/span><\/div><\/div><div class=\"clearfix\"><\/div><\/h2>\n<div class=\"et_pb_text et_pb_module et_pb_bg_layout_light et_pb_text_align_center et_pb_text_0\">\n<p style=\"text-align: justify;\">Dentro del control Biol\u00f3gico los depredadores son los menos estudiados por la dificultad en establecer con precisi\u00f3n su impacto en la poblaci\u00f3n de una plaga, sin embargo las especies de la familia chrysopidae han sido estudiados como controladores de afIdos y lepid\u00f3pteros a nivel mundial con \u00f3ptimos resultados siendo en la actualidad comercializados para el control de plagas de diversos cultivos.<\/p>\n<\/div>\n<p>[\/et_pb_text][et_pb_divider color=&#8221;#ffffff&#8221; height=&#8221;5&#8243; divider_style=&#8221;solid&#8221; divider_position=&#8221;top&#8221; divider_weight=&#8221;1px&#8221; hide_on_mobile=&#8221;on&#8221; admin_label=&#8221;Divider&#8221; disabled=&#8221;off&#8221;] [\/et_pb_divider][\/et_pb_column][\/et_pb_row][et_pb_row make_fullwidth=&#8221;off&#8221; use_custom_width=&#8221;off&#8221; width_unit=&#8221;on&#8221; custom_width_px=&#8221;1080px&#8221; custom_width_percent=&#8221;80%&#8221; use_custom_gutter=&#8221;off&#8221; gutter_width=&#8221;3&#8243; padding_mobile=&#8221;on&#8221; allow_player_pause=&#8221;off&#8221; parallax=&#8221;off&#8221; parallax_method=&#8221;off&#8221; make_equal=&#8221;off&#8221; column_padding_mobile=&#8221;on&#8221; parallax_1=&#8221;off&#8221; parallax_method_1=&#8221;off&#8221; parallax_2=&#8221;off&#8221; parallax_method_2=&#8221;off&#8221; parallax_3=&#8221;off&#8221; parallax_method_3=&#8221;on&#8221; parallax_4=&#8221;off&#8221; parallax_method_4=&#8221;on&#8221; admin_label=&#8221;Row&#8221; disabled=&#8221;off&#8221;][et_pb_column type=&#8221;1_3&#8243; disabled=&#8221;off&#8221; parallax=&#8221;off&#8221; parallax_method=&#8221;off&#8221; column_padding_mobile=&#8221;on&#8221;][et_pb_divider color=&#8221;#ffffff&#8221; height=&#8221;5&#8243; divider_style=&#8221;solid&#8221; divider_position=&#8221;top&#8221; divider_weight=&#8221;1px&#8221; hide_on_mobile=&#8221;on&#8221; admin_label=&#8221;Divider&#8221; disabled=&#8221;off&#8221;] [\/et_pb_divider][et_pb_image src=&#8221;http:\/\/www.jlsvhermosillo.mx\/jlsvh\/wp-content\/uploads\/crisopa-1.png&#8221; show_in_lightbox=&#8221;off&#8221; url_new_window=&#8221;off&#8221; use_overlay=&#8221;off&#8221; sticky=&#8221;off&#8221; align=&#8221;left&#8221; max_width=&#8221;200px&#8221; force_fullwidth=&#8221;off&#8221; always_center_on_mobile=&#8221;on&#8221; admin_label=&#8221;Image&#8221; use_border_color=&#8221;off&#8221; border_color=&#8221;#ffffff&#8221; border_width=&#8221;1px&#8221; border_style=&#8221;solid&#8221; disabled=&#8221;off&#8221;] [\/et_pb_image][et_pb_divider color=&#8221;#ffffff&#8221; height=&#8221;5&#8243; divider_style=&#8221;solid&#8221; divider_position=&#8221;top&#8221; divider_weight=&#8221;1px&#8221; hide_on_mobile=&#8221;on&#8221; admin_label=&#8221;Divider&#8221; disabled=&#8221;off&#8221;] [\/et_pb_divider][et_pb_image src=&#8221;http:\/\/www.jlsvhermosillo.mx\/jlsvh\/wp-content\/uploads\/crysopa-1.jpg&#8221; show_in_lightbox=&#8221;off&#8221; url_new_window=&#8221;off&#8221; use_overlay=&#8221;off&#8221; sticky=&#8221;off&#8221; align=&#8221;left&#8221; force_fullwidth=&#8221;off&#8221; always_center_on_mobile=&#8221;on&#8221; admin_label=&#8221;Image&#8221; use_border_color=&#8221;off&#8221; border_color=&#8221;#ffffff&#8221; border_width=&#8221;1px&#8221; border_style=&#8221;solid&#8221; disabled=&#8221;off&#8221;] [\/et_pb_image][et_pb_divider color=&#8221;#ffffff&#8221; height=&#8221;5&#8243; divider_style=&#8221;solid&#8221; divider_position=&#8221;top&#8221; divider_weight=&#8221;1px&#8221; hide_on_mobile=&#8221;on&#8221; admin_label=&#8221;Divider&#8221; disabled=&#8221;off&#8221;] [\/et_pb_divider][et_pb_image src=&#8221;http:\/\/www.jlsvhermosillo.mx\/jlsvh\/wp-content\/uploads\/crysopa2.jpg&#8221; show_in_lightbox=&#8221;on&#8221; url_new_window=&#8221;off&#8221; use_overlay=&#8221;off&#8221; sticky=&#8221;off&#8221; align=&#8221;left&#8221; max_width=&#8221;200px&#8221; force_fullwidth=&#8221;off&#8221; always_center_on_mobile=&#8221;on&#8221; admin_label=&#8221;Image&#8221; use_border_color=&#8221;off&#8221; border_color=&#8221;#ffffff&#8221; border_width=&#8221;1px&#8221; border_style=&#8221;solid&#8221; disabled=&#8221;off&#8221;] [\/et_pb_image][\/et_pb_column][et_pb_column type=&#8221;2_3&#8243; disabled=&#8221;off&#8221; parallax=&#8221;off&#8221; parallax_method=&#8221;off&#8221; column_padding_mobile=&#8221;on&#8221;][et_pb_text background_layout=&#8221;light&#8221; text_orientation=&#8221;justified&#8221; admin_label=&#8221;Text&#8221; use_border_color=&#8221;off&#8221; border_style=&#8221;solid&#8221; disabled=&#8221;off&#8221;]<\/p>\n<p style=\"text-align: justify;\" align=\"justify\"><strong>Caracter\u00edsticas:<\/strong><br \/>\nLos crysopidos son depredadores que atacan a gran cantidad de insectos y\/o estadios de insectos como: huevecillos y ninfas de mosquita blanca, larvas de primer instar de lepid\u00f3pteros, pulgones, trips, etc.<\/p>\n<p style=\"text-align: justify;\" align=\"justify\">La dosis recomendada es de 5000 a 15000 huevecillos\/ hect\u00e1rea dependiendo el tipo de cultivo y la intensidad de la plaga.<\/p>\n<p style=\"text-align: justify;\" align=\"justify\">Se debe omitir la aplicaci\u00f3n de qu\u00edmico 5 d\u00edas antes de su liberaci\u00f3n.<\/p>\n<p style=\"text-align: justify;\" align=\"justify\">La liberaci\u00f3n en campo es huevecillo revuelto con salvado.<\/p>\n<p style=\"text-align: justify;\" align=\"justify\">Disponibilidad de huevo de crysopa:<br \/>\n<strong><em>Primavera-verano<\/em><\/strong>: Desde mediados de Febrero hasta finales de junio.<br \/>\n<strong>Verano-Oto\u00f1o<\/strong>: desde mediados de Agosto hasta mediados de Noviembre.<\/p>\n<div align=\"justify\"><span style=\"color: #800000;\"><strong>Precio $12.0\/ millar.<\/strong><\/span><\/div>\n<p>[\/et_pb_text][\/et_pb_column][\/et_pb_row][et_pb_row make_fullwidth=&#8221;off&#8221; use_custom_width=&#8221;off&#8221; width_unit=&#8221;off&#8221; custom_width_px=&#8221;1080px&#8221; custom_width_percent=&#8221;80%&#8221; use_custom_gutter=&#8221;off&#8221; gutter_width=&#8221;3&#8243; padding_mobile=&#8221;off&#8221; allow_player_pause=&#8221;off&#8221; parallax=&#8221;off&#8221; parallax_method=&#8221;on&#8221; make_equal=&#8221;off&#8221; column_padding_mobile=&#8221;on&#8221; parallax_1=&#8221;off&#8221; parallax_method_1=&#8221;on&#8221; parallax_2=&#8221;off&#8221; parallax_method_2=&#8221;on&#8221; parallax_3=&#8221;off&#8221; parallax_method_3=&#8221;on&#8221; parallax_4=&#8221;off&#8221; parallax_method_4=&#8221;on&#8221; admin_label=&#8221;Row&#8221; disabled=&#8221;off&#8221;][et_pb_column type=&#8221;1_2&#8243; disabled=&#8221;off&#8221; parallax=&#8221;off&#8221; parallax_method=&#8221;on&#8221; column_padding_mobile=&#8221;on&#8221;][\/et_pb_column][et_pb_column type=&#8221;1_2&#8243; disabled=&#8221;off&#8221; parallax=&#8221;off&#8221; parallax_method=&#8221;on&#8221; column_padding_mobile=&#8221;on&#8221;][\/et_pb_column][\/et_pb_row][\/et_pb_section]<\/p>\n","protected":false},"excerpt":{"rendered":"<p>[et_pb_section transparent_background=&#8221;off&#8221; allow_player_pause=&#8221;off&#8221; inner_shadow=&#8221;off&#8221; parallax=&#8221;off&#8221; parallax_method=&#8221;off&#8221; padding_mobile=&#8221;off&#8221; make_fullwidth=&#8221;off&#8221; use_custom_width=&#8221;off&#8221; width_unit=&#8221;on&#8221; custom_width_px=&#8221;1080px&#8221; custom_width_percent=&#8221;80%&#8221; make_equal=&#8221;off&#8221; use_custom_gutter=&#8221;off&#8221; fullwidth=&#8221;off&#8221; specialty=&#8221;off&#8221; admin_label=&#8221;Section&#8221; disabled=&#8221;off&#8221;][et_pb_row make_fullwidth=&#8221;off&#8221; use_custom_width=&#8221;off&#8221; width_unit=&#8221;off&#8221; custom_width_px=&#8221;1080px&#8221; custom_width_percent=&#8221;80%&#8221; use_custom_gutter=&#8221;on&#8221; gutter_width=&#8221;3&#8243; padding_mobile=&#8221;on&#8221; allow_player_pause=&#8221;off&#8221; parallax=&#8221;off&#8221; parallax_method=&#8221;on&#8221; make_equal=&#8221;off&#8221; column_padding_mobile=&#8221;on&#8221; parallax_1=&#8221;off&#8221; parallax_method_1=&#8221;on&#8221; parallax_2=&#8221;off&#8221; parallax_method_2=&#8221;on&#8221; parallax_3=&#8221;off&#8221; parallax_method_3=&#8221;on&#8221; parallax_4=&#8221;off&#8221; parallax_method_4=&#8221;on&#8221; admin_label=&#8221;Row&#8221; disabled=&#8221;off&#8221;][et_pb_column type=&#8221;4_4&#8243; disabled=&#8221;off&#8221; parallax=&#8221;off&#8221; parallax_method=&#8221;on&#8221; column_padding_mobile=&#8221;on&#8221;][et_pb_text background_layout=&#8221;light&#8221; text_orientation=&#8221;justified&#8221; admin_label=&#8221;Text&#8221; use_border_color=&#8221;off&#8221; border_style=&#8221;solid&#8221; disabled=&#8221;off&#8221;] &nbsp; TRICHOGRAMA &nbsp; [&hellip;]<\/p>\n","protected":false},"author":1,"featured_media":0,"parent":0,"menu_order":0,"comment_status":"closed","ping_status":"closed","template":"","meta":{"footnotes":""},"class_list":["post-672","page","type-page","status-publish","hentry"],"_links":{"self":[{"href":"https:\/\/www.jlsvhermosillo.mx\/jlsvh\/wp-json\/wp\/v2\/pages\/672","targetHints":{"allow":["GET"]}}],"collection":[{"href":"https:\/\/www.jlsvhermosillo.mx\/jlsvh\/wp-json\/wp\/v2\/pages"}],"about":[{"href":"https:\/\/www.jlsvhermosillo.mx\/jlsvh\/wp-json\/wp\/v2\/types\/page"}],"author":[{"embeddable":true,"href":"https:\/\/www.jlsvhermosillo.mx\/jlsvh\/wp-json\/wp\/v2\/users\/1"}],"replies":[{"embeddable":true,"href":"https:\/\/www.jlsvhermosillo.mx\/jlsvh\/wp-json\/wp\/v2\/comments?post=672"}],"version-history":[{"count":13,"href":"https:\/\/www.jlsvhermosillo.mx\/jlsvh\/wp-json\/wp\/v2\/pages\/672\/revisions"}],"predecessor-version":[{"id":2118,"href":"https:\/\/www.jlsvhermosillo.mx\/jlsvh\/wp-json\/wp\/v2\/pages\/672\/revisions\/2118"}],"wp:attachment":[{"href":"https:\/\/www.jlsvhermosillo.mx\/jlsvh\/wp-json\/wp\/v2\/media?parent=672"}],"curies":[{"name":"wp","href":"https:\/\/api.w.org\/{rel}","templated":true}]}}